{"id":1705,"date":"2024-01-26T05:09:14","date_gmt":"2024-01-26T08:09:14","guid":{"rendered":"https:\/\/veroalfie.com\/crafty\/"},"modified":"2024-04-11T15:22:37","modified_gmt":"2024-04-11T18:22:37","slug":"crafty","status":"publish","type":"page","link":"https:\/\/veroalfie.com\/es\/crafty\/","title":{"rendered":"Crafty"},"content":{"rendered":"<p>[et_pb_section fb_built=&#8221;1&#8243; disabled_on=&#8221;off|off|off&#8221; admin_label=&#8221;Hero&#8221; _builder_version=&#8221;4.24.0&#8243; _module_preset=&#8221;default&#8221; custom_margin=&#8221;|0px|0px|0px|false|false&#8221; custom_padding=&#8221;0px|0px|0px|0px|false|false&#8221; locked=&#8221;off&#8221; collapsed=&#8221;off&#8221; global_colors_info=&#8221;{}&#8221;][et_pb_row column_structure=&#8221;1_2,1_2&#8243; use_custom_gutter=&#8221;on&#8221; gutter_width=&#8221;1&#8243; make_equal=&#8221;on&#8221; _builder_version=&#8221;4.24.0&#8243; _module_preset=&#8221;default&#8221; positioning=&#8221;none&#8221; width=&#8221;100%&#8221; max_width=&#8221;2560px&#8221; module_alignment=&#8221;left&#8221; min_height=&#8221;100vh&#8221; min_height_tablet=&#8221;100vh&#8221; min_height_last_edited=&#8221;off|tablet&#8221; custom_margin=&#8221;|1px|0px|0px|false|false&#8221; custom_padding=&#8221;0px|0px|0px|0px|false|false&#8221; global_colors_info=&#8221;{}&#8221;][et_pb_column type=&#8221;1_2&#8243; _builder_version=&#8221;4.24.0&#8243; _module_preset=&#8221;default&#8221; background_image=&#8221;https:\/\/veroalfie.com\/wp-content\/uploads\/2024\/02\/AnyConv.com__asd-1.webp&#8221; custom_padding=&#8221;|0px|70px|0px|false|false&#8221; custom_padding_tablet=&#8221;||50px||false|false&#8221; custom_padding_phone=&#8221;||40px||false|false&#8221; custom_padding_last_edited=&#8221;on|phone&#8221; custom_css_free_form=&#8221;selector {||  display: flex;||  flex-direction: column;||  justify-content: flex-end;||}||||@media (max-width:980px) {||  selector {||    min-height: 100vh;||  }||}&#8221; global_colors_info=&#8221;{}&#8221;][et_pb_text module_class=&#8221;texto&#8221; _builder_version=&#8221;4.24.0&#8243; _module_preset=&#8221;default&#8221; text_font=&#8221;Minion Variable Concept|500|||||||&#8221; text_text_color=&#8221;#FFFFFF&#8221; text_font_size=&#8221;42px&#8221; text_line_height=&#8221;1em&#8221; header_font=&#8221;Minion Variable Concept|500|||||||&#8221; header_text_color=&#8221;#FFFFFF&#8221; header_2_text_color=&#8221;#FFFFFF&#8221; header_2_font_size=&#8221;73px&#8221; width=&#8221;100%&#8221; max_width=&#8221;100%&#8221; max_height=&#8221;1000px&#8221; custom_margin=&#8221;||||false|false&#8221; custom_padding=&#8221;0px|100px|30px|100px|false|false&#8221; custom_padding_tablet=&#8221;0px|100px||100px|false|false&#8221; custom_padding_phone=&#8221;0px|50px||50px|false|false&#8221; custom_padding_last_edited=&#8221;on|desktop&#8221; text_text_color_tablet=&#8221;#FFFFFF&#8221; text_text_color_phone=&#8221;#FFFFFF&#8221; text_text_color_last_edited=&#8221;on|phone&#8221; text_font_size_tablet=&#8221;40px&#8221; text_font_size_phone=&#8221;22px&#8221; text_font_size_last_edited=&#8221;on|desktop&#8221; header_font_tablet=&#8221;Minion Variable Concept|500|||||||&#8221; header_font_phone=&#8221;Minion Variable Concept|500|||||||&#8221; header_font_last_edited=&#8221;on|phone&#8221; header_2_font_size_tablet=&#8221;73px&#8221; header_2_font_size_phone=&#8221;30px&#8221; header_2_font_size_last_edited=&#8221;on|phone&#8221; custom_css_free_form=&#8221;@media (min-width:981px) and (max-width:1199px) {||  selector {||    font-size: 32px !important;||  }||}&#8221; global_colors_info=&#8221;{}&#8221;]<\/p>\n<p style=\"text-align: left;\">Crafty por Vero Alfie naci\u00f3 en el 2020 como un deseo de conectar con lo artesanal. Es una colecci\u00f3n de tapices para bordar dise\u00f1ados por artistas e ilustradores. Son proyectos DIY para crear y disfrutar!  <\/p>\n<p>[\/et_pb_text][et_pb_text module_class=&#8221;enlaces-blancos&#8221; _builder_version=&#8221;4.24.0&#8243; _module_preset=&#8221;default&#8221; text_font=&#8221;Konnect Light|300|||||||&#8221; text_text_color=&#8221;#FFFFFF&#8221; text_font_size=&#8221;22px&#8221; header_font=&#8221;Minion Variable Concept|500|||||||&#8221; header_text_color=&#8221;#FFFFFF&#8221; header_2_text_color=&#8221;#FFFFFF&#8221; header_2_font_size=&#8221;73px&#8221; width=&#8221;100%&#8221; max_width=&#8221;100%&#8221; max_height=&#8221;1000px&#8221; custom_margin=&#8221;||31px||false|false&#8221; custom_margin_tablet=&#8221;||0px||false|false&#8221; custom_margin_phone=&#8221;||0px||false|false&#8221; custom_margin_last_edited=&#8221;on|phone&#8221; custom_padding=&#8221;|100px|0px|100px|false|false&#8221; custom_padding_tablet=&#8221;30px|100px|50px|100px|false|false&#8221; custom_padding_phone=&#8221;0px|50px|20px|50px|false|false&#8221; custom_padding_last_edited=&#8221;on|desktop&#8221; text_font_size_tablet=&#8221;22px&#8221; text_font_size_phone=&#8221;14px&#8221; text_font_size_last_edited=&#8221;on|phone&#8221; header_font_tablet=&#8221;Minion Variable Concept|500|||||||&#8221; header_font_phone=&#8221;Minion Variable Concept|500|||||||&#8221; header_font_last_edited=&#8221;on|phone&#8221; header_2_font_size_tablet=&#8221;73px&#8221; header_2_font_size_phone=&#8221;30px&#8221; header_2_font_size_last_edited=&#8221;on|phone&#8221; custom_css_free_form=&#8221;.enlaces-blancos a {||    color: #FFFFFF; ||}||selector a {||  text-decoration: underline;||}||selector a:hover,||selector a:focus {||  text-decoration: none;||}&#8221; global_colors_info=&#8221;{}&#8221;]<\/p>\n<p style=\"text-align: left;\"><a href=\"https:\/\/tienda.veroalfie.com\/crafty\/\">E-shop Nuestra l\u00ednea de tapices DIY<\/a><\/p>\n<p>[\/et_pb_text][\/et_pb_column][et_pb_column type=&#8221;1_2&#8243; disabled_on=&#8221;off|off|off&#8221; _builder_version=&#8221;4.24.0&#8243; _module_preset=&#8221;default&#8221; background_image=&#8221;https:\/\/veroalfie.com\/wp-content\/uploads\/2024\/02\/AnyConv.com__dsa.webp&#8221; background_enable_video_mp4=&#8221;off&#8221; global_colors_info=&#8221;{}&#8221;][et_pb_divider show_divider=&#8221;off&#8221; disabled_on=&#8221;off|off|on&#8221; _builder_version=&#8221;4.24.0&#8243; _module_preset=&#8221;default&#8221; positioning=&#8221;none&#8221; z_index=&#8221;10000&#8243; width=&#8221;100%&#8221; min_height=&#8221;920px&#8221; custom_margin=&#8221;-24px||||false|false&#8221; global_colors_info=&#8221;{}&#8221;][\/et_pb_divider][\/et_pb_column][\/et_pb_row][\/et_pb_section][et_pb_section fb_built=&#8221;1&#8243; disabled_on=&#8221;on|off|off&#8221; _builder_version=&#8221;4.24.0&#8243; _module_preset=&#8221;default&#8221; background_image=&#8221;https:\/\/veroalfie.com\/wp-content\/uploads\/2024\/02\/AnyConv.com__dddd.webp&#8221; custom_padding=&#8221;400px||400px||false|false&#8221; locked=&#8221;off&#8221; global_colors_info=&#8221;{}&#8221;][et_pb_row column_structure=&#8221;1_2,1_2&#8243; _builder_version=&#8221;4.24.0&#8243; _module_preset=&#8221;default&#8221; global_colors_info=&#8221;{}&#8221;][et_pb_column type=&#8221;1_2&#8243; _builder_version=&#8221;4.24.0&#8243; _module_preset=&#8221;default&#8221; global_colors_info=&#8221;{}&#8221;][\/et_pb_column][et_pb_column type=&#8221;1_2&#8243; _builder_version=&#8221;4.24.0&#8243; _module_preset=&#8221;default&#8221; global_colors_info=&#8221;{}&#8221;][\/et_pb_column][\/et_pb_row][\/et_pb_section][et_pb_section fb_built=&#8221;1&#8243; disabled_on=&#8221;off|off|off&#8221; _builder_version=&#8221;4.24.0&#8243; _module_preset=&#8221;default&#8221; custom_margin=&#8221;|0px|0px|0px|false|false&#8221; custom_padding=&#8221;0px|0px|0px|0px|false|false&#8221; custom_css_free_form=&#8221;.et-fixed-header {||    z-index: 100000; \/* Ajusta este valor seg\u00fan sea necesario para superponer correctamente el encabezado *\/||}&#8221; locked=&#8221;off&#8221; collapsed=&#8221;off&#8221; global_colors_info=&#8221;{}&#8221;][et_pb_row column_structure=&#8221;1_2,1_2&#8243; use_custom_gutter=&#8221;on&#8221; gutter_width=&#8221;1&#8243; _builder_version=&#8221;4.24.0&#8243; _module_preset=&#8221;default&#8221; positioning=&#8221;none&#8221; width=&#8221;100%&#8221; max_width=&#8221;2560px&#8221; module_alignment=&#8221;left&#8221; custom_margin=&#8221;|1px|0px|0px|false|false&#8221; custom_padding=&#8221;0px|0px|0px|0px|false|false&#8221; global_colors_info=&#8221;{}&#8221;][et_pb_column type=&#8221;1_2&#8243; _builder_version=&#8221;4.24.0&#8243; _module_preset=&#8221;default&#8221; background_image=&#8221;https:\/\/veroalfie.com\/wp-content\/uploads\/2024\/02\/AnyConv.com__4444.webp&#8221; custom_padding=&#8221;|0px||0px|false|false&#8221; global_colors_info=&#8221;{}&#8221;][et_pb_divider show_divider=&#8221;off&#8221; _builder_version=&#8221;4.24.0&#8243; _module_preset=&#8221;default&#8221; positioning=&#8221;none&#8221; z_index=&#8221;10000&#8243; width=&#8221;100%&#8221; min_height=&#8221;920px&#8221; custom_margin=&#8221;-24px||||false|false&#8221; global_colors_info=&#8221;{}&#8221;][\/et_pb_divider][\/et_pb_column][et_pb_column type=&#8221;1_2&#8243; disabled_on=&#8221;off|off|off&#8221; _builder_version=&#8221;4.24.0&#8243; _module_preset=&#8221;default&#8221; background_image=&#8221;https:\/\/veroalfie.com\/wp-content\/uploads\/2024\/02\/AnyConv.com__445.webp&#8221; background_enable_video_mp4=&#8221;off&#8221; global_colors_info=&#8221;{}&#8221;][et_pb_divider show_divider=&#8221;off&#8221; _builder_version=&#8221;4.24.0&#8243; _module_preset=&#8221;default&#8221; positioning=&#8221;none&#8221; z_index=&#8221;10000&#8243; width=&#8221;100%&#8221; min_height=&#8221;920px&#8221; custom_margin=&#8221;-24px||||false|false&#8221; global_colors_info=&#8221;{}&#8221;][\/et_pb_divider][\/et_pb_column][\/et_pb_row][\/et_pb_section]<\/p>\n","protected":false},"excerpt":{"rendered":"<p>Crafty por Vero Alfie naci\u00f3 en el 2020 como un deseo de conectar con lo artesanal. Es una colecci\u00f3n de tapices para bordar dise\u00f1ados por artistas e ilustradores. Son proyectos DIY para crear y disfrutar! E-shop Nuestra l\u00ednea de tapices DIY<\/p>\n","protected":false},"author":2,"featured_media":0,"parent":0,"menu_order":0,"comment_status":"closed","ping_status":"closed","template":"","meta":{"_acf_changed":false,"_et_pb_use_builder":"on","_et_pb_old_content":"","_et_gb_content_width":"","footnotes":""},"acf":[],"yoast_head":"<!-- This site is optimized with the Yoast SEO plugin v22.1 - https:\/\/yoast.com\/wordpress\/plugins\/seo\/ -->\n<title>Crafty - Vero Alfie<\/title>\n<meta name=\"robots\" content=\"index, follow, max-snippet:-1, max-image-preview:large, max-video-preview:-1\" \/>\n<link rel=\"canonical\" href=\"https:\/\/veroalfie.com\/es\/crafty\/\" \/>\n<meta property=\"og:locale\" content=\"es_ES\" \/>\n<meta property=\"og:type\" content=\"article\" \/>\n<meta property=\"og:title\" content=\"Crafty - Vero Alfie\" \/>\n<meta property=\"og:description\" content=\"Crafty por Vero Alfie naci\u00f3 en el 2020 como un deseo de conectar con lo artesanal. Es una colecci\u00f3n de tapices para bordar dise\u00f1ados por artistas e ilustradores. Son proyectos DIY para crear y disfrutar! E-shop Nuestra l\u00ednea de tapices DIY\" \/>\n<meta property=\"og:url\" content=\"https:\/\/veroalfie.com\/es\/crafty\/\" \/>\n<meta property=\"og:site_name\" content=\"Vero Alfie\" \/>\n<meta property=\"article:modified_time\" content=\"2024-04-11T18:22:37+00:00\" \/>\n<meta name=\"twitter:card\" content=\"summary_large_image\" \/>\n<meta name=\"twitter:label1\" content=\"Tiempo de lectura\" \/>\n\t<meta name=\"twitter:data1\" content=\"5 minutos\" \/>\n<script type=\"application\/ld+json\" class=\"yoast-schema-graph\">{\"@context\":\"https:\/\/schema.org\",\"@graph\":[{\"@type\":\"WebPage\",\"@id\":\"https:\/\/veroalfie.com\/es\/crafty\/\",\"url\":\"https:\/\/veroalfie.com\/es\/crafty\/\",\"name\":\"Crafty - Vero Alfie\",\"isPartOf\":{\"@id\":\"https:\/\/veroalfie.com\/es\/#website\"},\"datePublished\":\"2024-01-26T08:09:14+00:00\",\"dateModified\":\"2024-04-11T18:22:37+00:00\",\"breadcrumb\":{\"@id\":\"https:\/\/veroalfie.com\/es\/crafty\/#breadcrumb\"},\"inLanguage\":\"es-AR\",\"potentialAction\":[{\"@type\":\"ReadAction\",\"target\":[\"https:\/\/veroalfie.com\/es\/crafty\/\"]}]},{\"@type\":\"BreadcrumbList\",\"@id\":\"https:\/\/veroalfie.com\/es\/crafty\/#breadcrumb\",\"itemListElement\":[{\"@type\":\"ListItem\",\"position\":1,\"name\":\"Home\",\"item\":\"https:\/\/veroalfie.com\/es\/home\/\"},{\"@type\":\"ListItem\",\"position\":2,\"name\":\"Crafty\"}]},{\"@type\":\"WebSite\",\"@id\":\"https:\/\/veroalfie.com\/es\/#website\",\"url\":\"https:\/\/veroalfie.com\/es\/\",\"name\":\"Vero Alfie\",\"description\":\"\",\"potentialAction\":[{\"@type\":\"SearchAction\",\"target\":{\"@type\":\"EntryPoint\",\"urlTemplate\":\"https:\/\/veroalfie.com\/es\/?s={search_term_string}\"},\"query-input\":\"required name=search_term_string\"}],\"inLanguage\":\"es-AR\"}]}<\/script>\n<!-- \/ Yoast SEO plugin. -->","yoast_head_json":{"title":"Crafty - Vero Alfie","robots":{"index":"index","follow":"follow","max-snippet":"max-snippet:-1","max-image-preview":"max-image-preview:large","max-video-preview":"max-video-preview:-1"},"canonical":"https:\/\/veroalfie.com\/es\/crafty\/","og_locale":"es_ES","og_type":"article","og_title":"Crafty - Vero Alfie","og_description":"Crafty por Vero Alfie naci\u00f3 en el 2020 como un deseo de conectar con lo artesanal. Es una colecci\u00f3n de tapices para bordar dise\u00f1ados por artistas e ilustradores. Son proyectos DIY para crear y disfrutar! E-shop Nuestra l\u00ednea de tapices DIY","og_url":"https:\/\/veroalfie.com\/es\/crafty\/","og_site_name":"Vero Alfie","article_modified_time":"2024-04-11T18:22:37+00:00","twitter_card":"summary_large_image","twitter_misc":{"Tiempo de lectura":"5 minutos"},"schema":{"@context":"https:\/\/schema.org","@graph":[{"@type":"WebPage","@id":"https:\/\/veroalfie.com\/es\/crafty\/","url":"https:\/\/veroalfie.com\/es\/crafty\/","name":"Crafty - Vero Alfie","isPartOf":{"@id":"https:\/\/veroalfie.com\/es\/#website"},"datePublished":"2024-01-26T08:09:14+00:00","dateModified":"2024-04-11T18:22:37+00:00","breadcrumb":{"@id":"https:\/\/veroalfie.com\/es\/crafty\/#breadcrumb"},"inLanguage":"es-AR","potentialAction":[{"@type":"ReadAction","target":["https:\/\/veroalfie.com\/es\/crafty\/"]}]},{"@type":"BreadcrumbList","@id":"https:\/\/veroalfie.com\/es\/crafty\/#breadcrumb","itemListElement":[{"@type":"ListItem","position":1,"name":"Home","item":"https:\/\/veroalfie.com\/es\/home\/"},{"@type":"ListItem","position":2,"name":"Crafty"}]},{"@type":"WebSite","@id":"https:\/\/veroalfie.com\/es\/#website","url":"https:\/\/veroalfie.com\/es\/","name":"Vero Alfie","description":"","potentialAction":[{"@type":"SearchAction","target":{"@type":"EntryPoint","urlTemplate":"https:\/\/veroalfie.com\/es\/?s={search_term_string}"},"query-input":"required name=search_term_string"}],"inLanguage":"es-AR"}]}},"_links":{"self":[{"href":"https:\/\/veroalfie.com\/es\/wp-json\/wp\/v2\/pages\/1705"}],"collection":[{"href":"https:\/\/veroalfie.com\/es\/wp-json\/wp\/v2\/pages"}],"about":[{"href":"https:\/\/veroalfie.com\/es\/wp-json\/wp\/v2\/types\/page"}],"author":[{"embeddable":true,"href":"https:\/\/veroalfie.com\/es\/wp-json\/wp\/v2\/users\/2"}],"replies":[{"embeddable":true,"href":"https:\/\/veroalfie.com\/es\/wp-json\/wp\/v2\/comments?post=1705"}],"version-history":[{"count":5,"href":"https:\/\/veroalfie.com\/es\/wp-json\/wp\/v2\/pages\/1705\/revisions"}],"predecessor-version":[{"id":1710,"href":"https:\/\/veroalfie.com\/es\/wp-json\/wp\/v2\/pages\/1705\/revisions\/1710"}],"wp:attachment":[{"href":"https:\/\/veroalfie.com\/es\/wp-json\/wp\/v2\/media?parent=1705"}],"curies":[{"name":"wp","href":"https:\/\/api.w.org\/{rel}","templated":true}]}}