{"id":1572,"date":"2024-01-29T05:13:39","date_gmt":"2024-01-29T08:13:39","guid":{"rendered":"https:\/\/veroalfie.com\/meet-the-designer\/"},"modified":"2024-04-11T09:14:00","modified_gmt":"2024-04-11T12:14:00","slug":"meet-the-designer","status":"publish","type":"page","link":"https:\/\/veroalfie.com\/es\/meet-the-designer\/","title":{"rendered":"Meet the designer"},"content":{"rendered":"<p>[et_pb_section fb_built=&#8221;1&#8243; fullwidth=&#8221;on&#8221; _builder_version=&#8221;4.24.0&#8243; _module_preset=&#8221;default&#8221; global_colors_info=&#8221;{}&#8221;][et_pb_fullwidth_code _builder_version=&#8221;4.24.0&#8243; _module_preset=&#8221;default&#8221; custom_css_free_form=&#8221;selector video {||  aspect-ratio: 16 \/ 9;||}&#8221; global_colors_info=&#8221;{}&#8221;]<video autoplay=\"\" loop=\"\" muted=\"\" controls=\"\" playsinline=\"\" poster=\"https:\/\/veroalfie.com\/wp-content\/uploads\/2024\/03\/mtd-poster-LeOtre-Berelsonas-Video1-16x9-v07_1-2.webp\"><!-- [et_pb_line_break_holder] --><source src=\"https:\/\/veroalfie.com\/wp-content\/uploads\/2024\/01\/LeOtre-Berelsonas-Video1-16x9-v07_1-2.webm\" type=\"video\/webm\"><!-- [et_pb_line_break_holder] --><source src=\"https:\/\/veroalfie.com\/wp-content\/uploads\/2024\/02\/LeOtre-Berelsonas-Video1-16x9-v07_1.mp4\" type=\"video\/mp4\"><!-- [et_pb_line_break_holder] --> Tu navegador no soporta la etiqueta de v\u00eddeo.<!-- [et_pb_line_break_holder] --><\/source><\/source><\/video>[\/et_pb_fullwidth_code][\/et_pb_section][et_pb_section fb_built=&#8221;1&#8243; custom_padding_last_edited=&#8221;on|phone&#8221; _builder_version=&#8221;4.24.0&#8243; _module_preset=&#8221;default&#8221; custom_margin=&#8221;0px|0px||0px|false|false&#8221; custom_padding=&#8221;110px|0px|110px|0px|true|false&#8221; custom_padding_tablet=&#8221;45px|0px|45px|0px|true|false&#8221; custom_padding_phone=&#8221;15px||15px||true|false&#8221; global_colors_info=&#8221;{}&#8221;][et_pb_row _builder_version=&#8221;4.24.0&#8243; _module_preset=&#8221;default&#8221; width_tablet=&#8221;85%&#8221; width_phone=&#8221;85%&#8221; width_last_edited=&#8221;on|desktop&#8221; max_width=&#8221;1400px&#8221; custom_padding=&#8221;||||false|false&#8221; global_colors_info=&#8221;{}&#8221;][et_pb_column type=&#8221;4_4&#8243; _builder_version=&#8221;4.24.0&#8243; _module_preset=&#8221;default&#8221; global_colors_info=&#8221;{}&#8221;][et_pb_text _builder_version=&#8221;4.24.0&#8243; _module_preset=&#8221;default&#8221; text_font=&#8221;Minion Variable Concept|500|||||||&#8221; text_text_color=&#8221;#000000&#8243; text_font_size=&#8221;30px&#8221; text_line_height=&#8221;35.8px&#8221; hover_enabled=&#8221;0&#8243; text_font_size_tablet=&#8221;26px&#8221; text_font_size_phone=&#8221;22px&#8221; text_font_size_last_edited=&#8221;on|phone&#8221; global_colors_info=&#8221;{}&#8221; sticky_enabled=&#8221;0&#8243;]<\/p>\n<p style=\"text-align: center;\">Vero Alfie estudi\u00f3 escenograf\u00eda y vestuario en la Universidad Del Salvador.<br class=\"desktop-only\">Se especializ\u00f3 en Dise\u00f1o de Indumentaria en Fit (USA).<br \/>\nTrabaj\u00f3 como Directora de Dise\u00f1o en las m\u00e1s prestigiosas marcas del mercado<br class=\"desktop-only\">y es consultora de varias marcas en Latinoam\u00e9rica.<br \/>\nEs muy inquieta. Tiene varios emprendimientos de viajes y seminarios en la materia.<\/p>\n<p style=\"text-align: center;\">En el a\u00f1o 2002 crea su propia marca.<br \/>\nCuriosa, amante del craft y muy cuidadosa del detalle, Vero Alfie logr\u00f3 captar la esencia de lo femenino moderno<br class=\"desktop-only\">y a la vez muy rom\u00e1ntico.<\/p>\n<p>[\/et_pb_text][et_pb_text _builder_version=&#8221;4.24.0&#8243; _module_preset=&#8221;default&#8221; text_font=&#8221;Minion Variable Concept|500|||||||&#8221; text_text_color=&#8221;#000000&#8243; text_font_size=&#8221;30px&#8221; text_line_height=&#8221;35.8px&#8221; custom_padding=&#8221;60px||||false|false&#8221; custom_padding_tablet=&#8221;40px||||false|false&#8221; custom_padding_phone=&#8221;20px||||false|false&#8221; custom_padding_last_edited=&#8221;on|phone&#8221; text_font_size_tablet=&#8221;26px&#8221; text_font_size_phone=&#8221;22px&#8221; text_font_size_last_edited=&#8221;on|phone&#8221; custom_css_free_form=&#8221;@media (max-width:767px) {||  selector .mtb-text-desktop {||    display: none;||  }  ||}&#8221; global_colors_info=&#8221;{}&#8221;]<\/p>\n<h2 style=\"text-align: center; font-size: 1em;\"><strong>Meet the Brand<\/strong><\/h2>\n<p style=\"text-align: center; margin-top: 1em;\">La marca Vero Alfie lanz\u00f3 su primera colecci\u00f3n en 2003 en Palermo, el distrito de dise\u00f1o de Buenos Aires, y creci\u00f3 a la par de la expansi\u00f3n de la zona.<br \/>\nLa marca es conocida por su aire fresco, rom\u00e1ntico y femenino, manteniendo una vestimenta moderna y una especial atenci\u00f3n al detalle artesanal, utilizando materiales vintage y puros. Vero Alfie tambi\u00e9n ha ganado reconocimiento mundial por realizar bordados y utilizar ideas y t\u00e9cnicas antiguas. La producci\u00f3n se realiza principalmente en India y Argentina.<br \/>\n<span class=\"mtb-text-desktop\">Desde 2020, Vero Alfie cuenta con su propio equipo de tejedoras ubicado en Argentina. La mayor\u00eda de las prendas est\u00e1n confeccionadas enteramente a mano prestando especial atenci\u00f3n a los detalles.<br \/>\nActualmente los dise\u00f1os se comercializan en Estados Unidos, Europa, Sudam\u00e9rica y Argentina.<br \/>\nTenemos una tienda insignia en Palermo y tambi\u00e9n vendemos por Internet.<\/span><\/p>\n<p>[\/et_pb_text][\/et_pb_column][\/et_pb_row][\/et_pb_section][et_pb_section fb_built=&#8221;1&#8243; disabled_on=&#8221;off|off|on&#8221; _builder_version=&#8221;4.24.0&#8243; _module_preset=&#8221;default&#8221; custom_margin=&#8221;|0px|0px|0px|false|false&#8221; custom_padding=&#8221;0px|0px|0px|0px|false|false&#8221; custom_css_free_form=&#8221;.et-fixed-header {||    z-index: 100000; \/* Ajusta este valor seg\u00fan sea necesario para superponer correctamente el encabezado *\/||}&#8221; locked=&#8221;off&#8221; collapsed=&#8221;off&#8221; global_colors_info=&#8221;{}&#8221;][et_pb_row use_custom_gutter=&#8221;on&#8221; gutter_width=&#8221;1&#8243; _builder_version=&#8221;4.24.0&#8243; _module_preset=&#8221;default&#8221; positioning=&#8221;none&#8221; width=&#8221;100%&#8221; max_width=&#8221;2560px&#8221; module_alignment=&#8221;left&#8221; custom_margin=&#8221;0px|1px|0px|0px|false|false&#8221; custom_padding=&#8221;0px|0px|0px|0px|false|false&#8221; global_colors_info=&#8221;{}&#8221;][et_pb_column type=&#8221;4_4&#8243; _builder_version=&#8221;4.24.0&#8243; _module_preset=&#8221;default&#8221; background_image=&#8221;https:\/\/veroalfie.com\/wp-content\/uploads\/2024\/02\/AnyConv.com__movil.webp&#8221; custom_padding=&#8221;|0px||0px|false|false&#8221; global_colors_info=&#8221;{}&#8221;][et_pb_divider show_divider=&#8221;off&#8221; _builder_version=&#8221;4.24.0&#8243; _module_preset=&#8221;default&#8221; min_height=&#8221;903px&#8221; global_colors_info=&#8221;{}&#8221;][\/et_pb_divider][\/et_pb_column][\/et_pb_row][\/et_pb_section][et_pb_section fb_built=&#8221;1&#8243; disabled_on=&#8221;on|on|off&#8221; _builder_version=&#8221;4.24.0&#8243; _module_preset=&#8221;default&#8221; custom_margin=&#8221;|0px|0px|0px|false|false&#8221; custom_padding=&#8221;0px|0px|0px|0px|false|false&#8221; custom_css_free_form=&#8221;.et-fixed-header {||    z-index: 100000; \/* Ajusta este valor seg\u00fan sea necesario para superponer correctamente el encabezado *\/||}&#8221; locked=&#8221;off&#8221; collapsed=&#8221;off&#8221; global_colors_info=&#8221;{}&#8221;][et_pb_row column_structure=&#8221;1_2,1_2&#8243; use_custom_gutter=&#8221;on&#8221; gutter_width=&#8221;1&#8243; _builder_version=&#8221;4.24.0&#8243; _module_preset=&#8221;default&#8221; positioning=&#8221;none&#8221; width=&#8221;100%&#8221; max_width=&#8221;2560px&#8221; module_alignment=&#8221;left&#8221; custom_margin=&#8221;0px|1px|0px|0px|false|false&#8221; custom_padding=&#8221;0px|0px|0px|0px|false|false&#8221; global_colors_info=&#8221;{}&#8221;][et_pb_column type=&#8221;1_2&#8243; _builder_version=&#8221;4.24.0&#8243; _module_preset=&#8221;default&#8221; background_image=&#8221;https:\/\/veroalfie.com\/wp-content\/uploads\/2024\/02\/AnyConv.com__desk.webp&#8221; custom_padding=&#8221;|0px||0px|false|false&#8221; global_colors_info=&#8221;{}&#8221;][et_pb_divider show_divider=&#8221;off&#8221; _builder_version=&#8221;4.24.0&#8243; _module_preset=&#8221;default&#8221; min_height=&#8221;903px&#8221; global_colors_info=&#8221;{}&#8221;][\/et_pb_divider][\/et_pb_column][et_pb_column type=&#8221;1_2&#8243; _builder_version=&#8221;4.24.0&#8243; _module_preset=&#8221;default&#8221; background_image=&#8221;https:\/\/veroalfie.com\/wp-content\/uploads\/2024\/02\/AnyConv.com__desk2.webp&#8221; background_enable_video_mp4=&#8221;off&#8221; global_colors_info=&#8221;{}&#8221;][et_pb_divider show_divider=&#8221;off&#8221; _builder_version=&#8221;4.24.0&#8243; _module_preset=&#8221;default&#8221; min_height=&#8221;903px&#8221; locked=&#8221;off&#8221; global_colors_info=&#8221;{}&#8221;][\/et_pb_divider][\/et_pb_column][\/et_pb_row][\/et_pb_section][et_pb_section fb_built=&#8221;1&#8243; custom_padding_last_edited=&#8221;on|phone&#8221; disabled_on=&#8221;on|on|on&#8221; admin_label=&#8221;2nd text&#8221; _builder_version=&#8221;4.24.0&#8243; _module_preset=&#8221;default&#8221; custom_padding=&#8221;110px|0px|110px|0px|true|false&#8221; custom_padding_tablet=&#8221;45px|0px|45px|0px|true|false&#8221; custom_padding_phone=&#8221;15px||15px||true|false&#8221; disabled=&#8221;on&#8221; locked=&#8221;off&#8221; global_colors_info=&#8221;{}&#8221;][et_pb_row _builder_version=&#8221;4.24.0&#8243; _module_preset=&#8221;default&#8221; width_tablet=&#8221;85%&#8221; width_phone=&#8221;85%&#8221; width_last_edited=&#8221;on|tablet&#8221; max_width=&#8221;1400px&#8221; global_colors_info=&#8221;{}&#8221;][et_pb_column type=&#8221;4_4&#8243; admin_label=&#8221;Columna&#8221; _builder_version=&#8221;4.24.0&#8243; _module_preset=&#8221;default&#8221; global_colors_info=&#8221;{}&#8221;][et_pb_text _builder_version=&#8221;4.24.0&#8243; _module_preset=&#8221;default&#8221; text_font=&#8221;Minion Variable Concept||||||||&#8221; text_text_color=&#8221;#000000&#8243; text_font_size=&#8221;30px&#8221; text_line_height=&#8221;35.8px&#8221; text_font_size_tablet=&#8221;26px&#8221; text_font_size_phone=&#8221;22px&#8221; text_font_size_last_edited=&#8221;on|phone&#8221; global_colors_info=&#8221;{}&#8221;]<\/p>\n<p style=\"text-align: center;\">Desde 2020, Vero Alfie cuenta con su propio equipo de tejedoras ubicado en Argentina. La mayor\u00eda de las prendas est\u00e1n confeccionadas enteramente a mano prestando especial atenci\u00f3n a los detalles.<\/p>\n<p style=\"text-align: center;\">Actualmente los dise\u00f1os se comercializan en Estados Unidos, Europa, Sudam\u00e9rica y Argentina. Tenemos un buque insignia en Palermo y tambi\u00e9n vendemos por Internet.<\/p>\n<p style=\"text-align: center;\">Desde 2017 realizamos colaboraciones con diferentes marcas del mundo.<\/p>\n<p>[\/et_pb_text][\/et_pb_column][\/et_pb_row][\/et_pb_section][et_pb_section fb_built=&#8221;1&#8243; disabled_on=&#8221;off|off|on&#8221; _builder_version=&#8221;4.24.0&#8243; _module_preset=&#8221;default&#8221; locked=&#8221;off&#8221; global_colors_info=&#8221;{}&#8221;][et_pb_row _builder_version=&#8221;4.24.0&#8243; _module_preset=&#8221;default&#8221; width_tablet=&#8221;85%&#8221; width_phone=&#8221;85%&#8221; width_last_edited=&#8221;on|desktop&#8221; max_width=&#8221;1400px&#8221; global_colors_info=&#8221;{}&#8221;][et_pb_column type=&#8221;4_4&#8243; _builder_version=&#8221;4.24.0&#8243; _module_preset=&#8221;default&#8221; global_colors_info=&#8221;{}&#8221;][et_pb_text _builder_version=&#8221;4.24.0&#8243; _module_preset=&#8221;default&#8221; text_font=&#8221;Minion Variable Concept||||||||&#8221; text_text_color=&#8221;#000000&#8243; text_font_size=&#8221;30px&#8221; text_line_height=&#8221;35.8px&#8221; text_font_size_tablet=&#8221;26px&#8221; text_font_size_phone=&#8221;22px&#8221; text_font_size_last_edited=&#8221;on|phone&#8221; global_colors_info=&#8221;{}&#8221;]<\/p>\n<p style=\"text-align: center;\">Desde 2020, Vero Alfie cuenta con su propio equipo de tejedoras ubicado en Argentina. La mayor\u00eda de las prendas est\u00e1n confeccionadas enteramente a mano prestando especial atenci\u00f3n a los detalles.<br \/>Actualmente los dise\u00f1os se comercializan en Estados Unidos, Europa, Sudam\u00e9rica y Argentina.<br \/>Tenemos una tienda insignia en Palermo y tambi\u00e9n vendemos por Internet.<\/p>\n<p>[\/et_pb_text][\/et_pb_column][\/et_pb_row][\/et_pb_section][et_pb_section fb_built=&#8221;1&#8243; disabled_on=&#8221;off|off|on&#8221; _builder_version=&#8221;4.24.0&#8243; _module_preset=&#8221;default&#8221; custom_margin=&#8221;|0px|0px|0px|false|false&#8221; custom_padding=&#8221;0px|0px|0px|0px|false|false&#8221; custom_css_free_form=&#8221;.et-fixed-header {||    z-index: 100000; \/* Ajusta este valor seg\u00fan sea necesario para superponer correctamente el encabezado *\/||}&#8221; locked=&#8221;off&#8221; collapsed=&#8221;off&#8221; global_colors_info=&#8221;{}&#8221;][et_pb_row use_custom_gutter=&#8221;on&#8221; gutter_width=&#8221;1&#8243; _builder_version=&#8221;4.24.0&#8243; _module_preset=&#8221;default&#8221; positioning=&#8221;none&#8221; width=&#8221;100%&#8221; max_width=&#8221;2560px&#8221; module_alignment=&#8221;left&#8221; custom_margin=&#8221;0px|1px|0px|0px|false|false&#8221; custom_padding=&#8221;0px|0px|0px|0px|false|false&#8221; global_colors_info=&#8221;{}&#8221;][et_pb_column type=&#8221;4_4&#8243; _builder_version=&#8221;4.24.0&#8243; _module_preset=&#8221;default&#8221; background_image=&#8221;https:\/\/veroalfie.com\/wp-content\/uploads\/2024\/02\/AnyConv.com__movil2.webp&#8221; custom_padding=&#8221;|0px||0px|false|false&#8221; global_colors_info=&#8221;{}&#8221;][et_pb_divider show_divider=&#8221;off&#8221; _builder_version=&#8221;4.24.0&#8243; _module_preset=&#8221;default&#8221; min_height=&#8221;903px&#8221; global_colors_info=&#8221;{}&#8221;][\/et_pb_divider][\/et_pb_column][\/et_pb_row][\/et_pb_section][et_pb_section fb_built=&#8221;1&#8243; disabled_on=&#8221;on|on|on&#8221; admin_label=&#8221;3rd text mobile&#8221; _builder_version=&#8221;4.24.0&#8243; _module_preset=&#8221;default&#8221; disabled=&#8221;on&#8221; locked=&#8221;off&#8221; global_colors_info=&#8221;{}&#8221;][et_pb_row _builder_version=&#8221;4.24.0&#8243; _module_preset=&#8221;default&#8221; width_tablet=&#8221;85%&#8221; width_phone=&#8221;85%&#8221; width_last_edited=&#8221;on|desktop&#8221; max_width=&#8221;1400px&#8221; global_colors_info=&#8221;{}&#8221;][et_pb_column type=&#8221;4_4&#8243; _builder_version=&#8221;4.24.0&#8243; _module_preset=&#8221;default&#8221; global_colors_info=&#8221;{}&#8221;][et_pb_text _builder_version=&#8221;4.24.0&#8243; _module_preset=&#8221;default&#8221; text_font=&#8221;Minion Variable Concept||||||||&#8221; text_text_color=&#8221;#000000&#8243; text_font_size=&#8221;30px&#8221; text_line_height=&#8221;35.8px&#8221; text_font_size_tablet=&#8221;26px&#8221; text_font_size_phone=&#8221;22px&#8221; text_font_size_last_edited=&#8221;on|phone&#8221; global_colors_info=&#8221;{}&#8221;]<\/p>\n<p style=\"text-align: center;\"><span style=\"font-weight: 400;\">Desde 2017 realizamos colaboraciones con diferentes marcas del mundo.<\/span><\/p>\n<p>[\/et_pb_text][\/et_pb_column][\/et_pb_row][\/et_pb_section]<\/p>\n","protected":false},"excerpt":{"rendered":"<p>Vero Alfie estudi\u00f3 escenograf\u00eda y vestuario en la Universidad Del Salvador.Se especializ\u00f3 en Dise\u00f1o de Indumentaria en Fit (USA). Trabaj\u00f3 como Directora de Dise\u00f1o en las m\u00e1s prestigiosas marcas del mercadoy es consultora de varias marcas en Latinoam\u00e9rica. Es muy inquieta. Tiene varios emprendimientos de viajes y seminarios en la materia. En el a\u00f1o 2002 [&hellip;]<\/p>\n","protected":false},"author":2,"featured_media":0,"parent":0,"menu_order":0,"comment_status":"closed","ping_status":"closed","template":"","meta":{"_acf_changed":false,"_et_pb_use_builder":"on","_et_pb_old_content":"","_et_gb_content_width":"","footnotes":""},"acf":[],"yoast_head":"<!-- This site is optimized with the Yoast SEO plugin v22.1 - https:\/\/yoast.com\/wordpress\/plugins\/seo\/ -->\n<title>Meet the designer - Vero Alfie<\/title>\n<meta name=\"robots\" content=\"index, follow, max-snippet:-1, max-image-preview:large, max-video-preview:-1\" \/>\n<link rel=\"canonical\" href=\"https:\/\/veroalfie.com\/es\/meet-the-designer\/\" \/>\n<meta property=\"og:locale\" content=\"es_ES\" \/>\n<meta property=\"og:type\" content=\"article\" \/>\n<meta property=\"og:title\" content=\"Meet the designer - Vero Alfie\" \/>\n<meta property=\"og:description\" content=\"Vero Alfie estudi\u00f3 escenograf\u00eda y vestuario en la Universidad Del Salvador.Se especializ\u00f3 en Dise\u00f1o de Indumentaria en Fit (USA). Trabaj\u00f3 como Directora de Dise\u00f1o en las m\u00e1s prestigiosas marcas del mercadoy es consultora de varias marcas en Latinoam\u00e9rica. Es muy inquieta. Tiene varios emprendimientos de viajes y seminarios en la materia. En el a\u00f1o 2002 [&hellip;]\" \/>\n<meta property=\"og:url\" content=\"https:\/\/veroalfie.com\/es\/meet-the-designer\/\" \/>\n<meta property=\"og:site_name\" content=\"Vero Alfie\" \/>\n<meta property=\"article:modified_time\" content=\"2024-04-11T12:14:00+00:00\" \/>\n<meta name=\"twitter:card\" content=\"summary_large_image\" \/>\n<meta name=\"twitter:label1\" content=\"Tiempo de lectura\" \/>\n\t<meta name=\"twitter:data1\" content=\"8 minutos\" \/>\n<script type=\"application\/ld+json\" class=\"yoast-schema-graph\">{\"@context\":\"https:\/\/schema.org\",\"@graph\":[{\"@type\":\"WebPage\",\"@id\":\"https:\/\/veroalfie.com\/es\/meet-the-designer\/\",\"url\":\"https:\/\/veroalfie.com\/es\/meet-the-designer\/\",\"name\":\"Meet the designer - Vero Alfie\",\"isPartOf\":{\"@id\":\"https:\/\/veroalfie.com\/es\/#website\"},\"datePublished\":\"2024-01-29T08:13:39+00:00\",\"dateModified\":\"2024-04-11T12:14:00+00:00\",\"breadcrumb\":{\"@id\":\"https:\/\/veroalfie.com\/es\/meet-the-designer\/#breadcrumb\"},\"inLanguage\":\"es-AR\",\"potentialAction\":[{\"@type\":\"ReadAction\",\"target\":[\"https:\/\/veroalfie.com\/es\/meet-the-designer\/\"]}]},{\"@type\":\"BreadcrumbList\",\"@id\":\"https:\/\/veroalfie.com\/es\/meet-the-designer\/#breadcrumb\",\"itemListElement\":[{\"@type\":\"ListItem\",\"position\":1,\"name\":\"Home\",\"item\":\"https:\/\/veroalfie.com\/es\/home\/\"},{\"@type\":\"ListItem\",\"position\":2,\"name\":\"Meet the designer\"}]},{\"@type\":\"WebSite\",\"@id\":\"https:\/\/veroalfie.com\/es\/#website\",\"url\":\"https:\/\/veroalfie.com\/es\/\",\"name\":\"Vero Alfie\",\"description\":\"\",\"potentialAction\":[{\"@type\":\"SearchAction\",\"target\":{\"@type\":\"EntryPoint\",\"urlTemplate\":\"https:\/\/veroalfie.com\/es\/?s={search_term_string}\"},\"query-input\":\"required name=search_term_string\"}],\"inLanguage\":\"es-AR\"}]}<\/script>\n<!-- \/ Yoast SEO plugin. -->","yoast_head_json":{"title":"Meet the designer - Vero Alfie","robots":{"index":"index","follow":"follow","max-snippet":"max-snippet:-1","max-image-preview":"max-image-preview:large","max-video-preview":"max-video-preview:-1"},"canonical":"https:\/\/veroalfie.com\/es\/meet-the-designer\/","og_locale":"es_ES","og_type":"article","og_title":"Meet the designer - Vero Alfie","og_description":"Vero Alfie estudi\u00f3 escenograf\u00eda y vestuario en la Universidad Del Salvador.Se especializ\u00f3 en Dise\u00f1o de Indumentaria en Fit (USA). Trabaj\u00f3 como Directora de Dise\u00f1o en las m\u00e1s prestigiosas marcas del mercadoy es consultora de varias marcas en Latinoam\u00e9rica. Es muy inquieta. Tiene varios emprendimientos de viajes y seminarios en la materia. En el a\u00f1o 2002 [&hellip;]","og_url":"https:\/\/veroalfie.com\/es\/meet-the-designer\/","og_site_name":"Vero Alfie","article_modified_time":"2024-04-11T12:14:00+00:00","twitter_card":"summary_large_image","twitter_misc":{"Tiempo de lectura":"8 minutos"},"schema":{"@context":"https:\/\/schema.org","@graph":[{"@type":"WebPage","@id":"https:\/\/veroalfie.com\/es\/meet-the-designer\/","url":"https:\/\/veroalfie.com\/es\/meet-the-designer\/","name":"Meet the designer - Vero Alfie","isPartOf":{"@id":"https:\/\/veroalfie.com\/es\/#website"},"datePublished":"2024-01-29T08:13:39+00:00","dateModified":"2024-04-11T12:14:00+00:00","breadcrumb":{"@id":"https:\/\/veroalfie.com\/es\/meet-the-designer\/#breadcrumb"},"inLanguage":"es-AR","potentialAction":[{"@type":"ReadAction","target":["https:\/\/veroalfie.com\/es\/meet-the-designer\/"]}]},{"@type":"BreadcrumbList","@id":"https:\/\/veroalfie.com\/es\/meet-the-designer\/#breadcrumb","itemListElement":[{"@type":"ListItem","position":1,"name":"Home","item":"https:\/\/veroalfie.com\/es\/home\/"},{"@type":"ListItem","position":2,"name":"Meet the designer"}]},{"@type":"WebSite","@id":"https:\/\/veroalfie.com\/es\/#website","url":"https:\/\/veroalfie.com\/es\/","name":"Vero Alfie","description":"","potentialAction":[{"@type":"SearchAction","target":{"@type":"EntryPoint","urlTemplate":"https:\/\/veroalfie.com\/es\/?s={search_term_string}"},"query-input":"required name=search_term_string"}],"inLanguage":"es-AR"}]}},"_links":{"self":[{"href":"https:\/\/veroalfie.com\/es\/wp-json\/wp\/v2\/pages\/1572"}],"collection":[{"href":"https:\/\/veroalfie.com\/es\/wp-json\/wp\/v2\/pages"}],"about":[{"href":"https:\/\/veroalfie.com\/es\/wp-json\/wp\/v2\/types\/page"}],"author":[{"embeddable":true,"href":"https:\/\/veroalfie.com\/es\/wp-json\/wp\/v2\/users\/2"}],"replies":[{"embeddable":true,"href":"https:\/\/veroalfie.com\/es\/wp-json\/wp\/v2\/comments?post=1572"}],"version-history":[{"count":3,"href":"https:\/\/veroalfie.com\/es\/wp-json\/wp\/v2\/pages\/1572\/revisions"}],"predecessor-version":[{"id":1577,"href":"https:\/\/veroalfie.com\/es\/wp-json\/wp\/v2\/pages\/1572\/revisions\/1577"}],"wp:attachment":[{"href":"https:\/\/veroalfie.com\/es\/wp-json\/wp\/v2\/media?parent=1572"}],"curies":[{"name":"wp","href":"https:\/\/api.w.org\/{rel}","templated":true}]}}